{"id":127,"date":"2021-09-14T13:30:07","date_gmt":"2021-09-14T10:30:07","guid":{"rendered":"https:\/\/mediacrabs.com\/EternesClinic\/?page_id=127"},"modified":"2021-10-19T11:25:25","modified_gmt":"2021-10-19T08:25:25","slug":"opmerkingen","status":"publish","type":"page","link":"https:\/\/www.eternesclinic.com\/nl\/opmerkingen\/","title":{"rendered":"Opmerkingen"},"content":{"rendered":"<h3>Deniz Uysal (G\u00f6g\u00fcs Esteti\u011fi)<\/h3>\n<p>Eterne Clinic&#8217;ten randevu ald\u0131m. Ne yapmak istedi\u011fimi a\u00e7\u0131klad\u0131m bana profesyonel dan\u0131\u015fmanl\u0131k verdiler. Kesinlikle \u00e7ok mutluyum, sonu\u00e7lar\u0131n bekledi\u011fimden daha iyi oldu\u011funu d\u00fc\u015f\u00fcn\u00fcyorum.<\/p>\n<p>&nbsp;<\/p>\n<h3>Melis Korkmaz (Kar\u0131n Germe Ameliyat\u0131)<\/h3>\n<p>\u00c7ok uzun s\u00fcredir kar\u0131n germe ameliyat\u0131 hakk\u0131nda ara\u015ft\u0131rma yap\u0131yordum ve bir \u00e7ok&nbsp; sorum vard\u0131, benimle ilgilenen hasta koordinat\u00f6r\u00fcm t\u00fcm sorular\u0131m\u0131 yan\u0131tlad\u0131. Ameliyat\u0131m\u0131 oldum ve memnunum \u00e7evremdeki&nbsp; herkese tavsiye ediyorum.<\/p>\n<p>&nbsp;<\/p>\n<h3>\u00c7a\u011fla Sezgin (G\u00f6g\u00fcs Esteti\u011fi)<\/h3>\n<p>Eternes Clinic&#8217;te g\u00f6\u011f\u00fcs b\u00fcy\u00fctme ameliyat\u0131 ge\u00e7irdim. Asimetrik g\u00f6\u011f\u00fcslerim vard\u0131 ve bu benim hayat\u0131m\u0131n her y\u00f6n\u00fcn\u00fc etkiledi. Meme esteti\u011fi ameliyat\u0131m beklentilerimi kar\u015f\u0131lad\u0131, \u015fuan kendimi \u00e7ok mutlu hissediyorum.<\/p>\n<p>&nbsp;<\/p>\n<h3>Asl\u0131 \u00dcnal (Kar\u0131n Germe Ameliyat\u0131)<\/h3>\n<p>S\u00fcrekli spor yapmaktan kaynakl\u0131 meydana gelen sarkmadan dolay\u0131 kar\u0131n germe ameliyat\u0131 oldum. Eternes Clinic&#8217;e g\u00fcvenmekle ne kadar hakl\u0131 bir karar verdi\u011fimi her aynaya bakt\u0131\u011f\u0131mda anl\u0131yorum.<\/p>\n","protected":false},"excerpt":{"rendered":"<p>Deniz Uysal (G\u00f6g\u00fcs Esteti\u011fi) Eterne Clinic&#8217;ten randevu ald\u0131m. Ne yapmak istedi\u011fimi a\u00e7\u0131klad\u0131m bana profesyonel dan\u0131\u015fmanl\u0131k verdiler. Kesinlikle \u00e7ok mutluyum, sonu\u00e7lar\u0131n bekledi\u011fimden daha iyi oldu\u011funu d\u00fc\u015f\u00fcn\u00fcyorum. &nbsp; Melis Korkmaz (Kar\u0131n Germe Ameliyat\u0131) \u00c7ok uzun s\u00fcredir kar\u0131n germe ameliyat\u0131 hakk\u0131nda ara\u015ft\u0131rma yap\u0131yordum ve bir \u00e7ok&nbsp; sorum vard\u0131, benimle ilgilenen hasta koordinat\u00f6r\u00fcm t\u00fcm sorular\u0131m\u0131 yan\u0131tlad\u0131. Ameliyat\u0131m\u0131 oldum ve [&hellip;]<\/p>\n","protected":false},"author":1,"featured_media":0,"parent":0,"menu_order":0,"comment_status":"closed","ping_status":"closed","template":"","meta":{"ngg_post_thumbnail":0,"footnotes":""},"class_list":["post-127","page","type-page","status-publish","hentry"],"aioseo_notices":[],"_links":{"self":[{"href":"https:\/\/www.eternesclinic.com\/nl\/wp-json\/wp\/v2\/pages\/127","targetHints":{"allow":["GET"]}}],"collection":[{"href":"https:\/\/www.eternesclinic.com\/nl\/wp-json\/wp\/v2\/pages"}],"about":[{"href":"https:\/\/www.eternesclinic.com\/nl\/wp-json\/wp\/v2\/types\/page"}],"author":[{"embeddable":true,"href":"https:\/\/www.eternesclinic.com\/nl\/wp-json\/wp\/v2\/users\/1"}],"replies":[{"embeddable":true,"href":"https:\/\/www.eternesclinic.com\/nl\/wp-json\/wp\/v2\/comments?post=127"}],"version-history":[{"count":4,"href":"https:\/\/www.eternesclinic.com\/nl\/wp-json\/wp\/v2\/pages\/127\/revisions"}],"predecessor-version":[{"id":329,"href":"https:\/\/www.eternesclinic.com\/nl\/wp-json\/wp\/v2\/pages\/127\/revisions\/329"}],"wp:attachment":[{"href":"https:\/\/www.eternesclinic.com\/nl\/wp-json\/wp\/v2\/media?parent=127"}],"curies":[{"name":"wp","href":"https:\/\/api.w.org\/{rel}","templated":true}]}}