{"id":303,"date":"2021-10-13T13:07:38","date_gmt":"2021-10-13T10:07:38","guid":{"rendered":"http:\/\/www.eternesclinic.com\/tr\/?page_id=303"},"modified":"2021-10-13T13:07:38","modified_gmt":"2021-10-13T10:07:38","slug":"op-dr-emre-hekimoglu","status":"publish","type":"page","link":"https:\/\/www.eternesclinic.com\/tr\/op-dr-emre-hekimoglu\/","title":{"rendered":"Op. Dr. Emre Hekimo\u011flu"},"content":{"rendered":"<p>Op. Dr. Emre Hekimo\u011flu, lisans \u00f6ncesi \u00f6\u011frenimlerinin ard\u0131ndan Ankara \u00dcniversitesi T\u0131p Fak\u00fcltesin de ba\u015flad\u0131\u011f\u0131 t\u0131p e\u011fitimini 2004 y\u0131l\u0131nda ba\u015far\u0131yla tamamlayarak T\u0131p Doktoru unvan\u0131 alm\u0131\u015ft\u0131r. \u0130htisas\u0131n\u0131 ise, Ankara E\u011fitim ve Ara\u015ft\u0131rma Hastanesin de tamamlayarak G\u00f6z Hastal\u0131klar\u0131 Uzman\u0131 olmu\u015ftur.&nbsp;<\/p>\n<p>Mecburi hizmet g\u00f6revini yerine getirmek \u00fczere atand\u0131\u011f\u0131 Ankara Etlik Z\u00fcbeyde Han\u0131m Kad\u0131n Do\u011fum E\u011fitim Ara\u015ft\u0131rma Hastanesinde&nbsp;gerek ayn\u0131 hastanede do\u011fan gerekse d\u0131\u015f sevklerle yenido\u011fan yo\u011fun bak\u0131m servisine kabul edilen premat\u00fcre bebek say\u0131s\u0131n\u0131n fazla olmas\u0131 nedeni ile premat\u00fcre bebeklerin g\u00f6z hastal\u0131klar\u0131 ve tedavisi konusunda uzmanla\u015fmaya karar veren Op. Dr. Emre Hekimo\u011flu, hastane y\u00f6netiminin ve Sa\u011fl\u0131k bakanl\u0131\u011f\u0131n\u0131n b\u00fcy\u00fck deste\u011fi ile premat\u00fcre retinopatisi ile ilgili \u00f6zel yeti\u015ftirilmek \u00fczere&nbsp;o d\u00f6nemin en ba\u015far\u0131l\u0131 ROP(premat\u00fcre retinopatisi ) Tan\u0131 &amp; Tedavi Kliniklerinden olan Ankara Zekai Tahir Burak Kad\u0131n Do\u011fum&nbsp; E\u011fitim Ara\u015ft\u0131rma Hastanesi\u2019nde&nbsp;e\u011fitim alm\u0131\u015ft\u0131r.<\/p>\n<p>Ankara\u2019da g\u00f6rev yapt\u0131\u011f\u0131 y\u0131llarda&nbsp;Sa\u011fl\u0131k Bakanl\u0131\u011f\u0131 ROP komisyonunda ve&nbsp;&nbsp;T\u00fcrk Oftalmoloji Derne\u011fi ROP komisyonunda g\u00f6rev alm\u0131\u015f, \u00fclke \u00e7ap\u0131nda belirlenecek ROP(premat\u00fcre retinopatisi ) stratejileri &amp; politikalar\u0131n\u0131n belirlenmesinde ve uygulanmas\u0131nda aktif rol oynam\u0131\u015f olan Op. Dr. Emre Hekimo\u011flu, Moldovya, Azerbaycan ve Kazakistan\u2019da g\u00f6rev yapanlar\u0131n da dahil oldu\u011fu 63 g\u00f6z hastal\u0131klar\u0131 uzman\u0131 meslekta\u015f\u0131n\u0131n&nbsp;&nbsp;ROP (premat\u00fcre retinopatisi) tan\u0131 ve tedavisi ile ilgili e\u011fitimlerinde&nbsp;katk\u0131da bulunmu\u015ftur.<\/p>\n<p>ROP (premat\u00fcre retinopatisi ) ile ilgili deneyimlerini hem yazd\u0131\u011f\u0131 yurt i\u00e7i ve yurtd\u0131\u015f\u0131 yay\u0131nlarla meslekta\u015flar\u0131yla, hem de hayata erken ba\u015flam\u0131\u015f bebeklerimizin aileleri ile payla\u015fmaya devam eden Op. Dr. Emre Hekimo\u011flu, mesleki \u00e7al\u0131\u015fmalar\u0131na ise, \u0130stanbul \u00d6zel Levent Hastanesin de devam etmektedir.<\/p>\n","protected":false},"excerpt":{"rendered":"<p>Op. Dr. Emre Hekimo\u011flu, lisans \u00f6ncesi \u00f6\u011frenimlerinin ard\u0131ndan Ankara \u00dcniversitesi T\u0131p Fak\u00fcltesin de ba\u015flad\u0131\u011f\u0131 t\u0131p e\u011fitimini 2004 y\u0131l\u0131nda ba\u015far\u0131yla tamamlayarak T\u0131p Doktoru unvan\u0131 alm\u0131\u015ft\u0131r. \u0130htisas\u0131n\u0131 ise, Ankara E\u011fitim ve Ara\u015ft\u0131rma Hastanesin de tamamlayarak G\u00f6z Hastal\u0131klar\u0131 Uzman\u0131 olmu\u015ftur.&nbsp; Mecburi hizmet g\u00f6revini yerine getirmek \u00fczere atand\u0131\u011f\u0131 Ankara Etlik Z\u00fcbeyde Han\u0131m Kad\u0131n Do\u011fum E\u011fitim Ara\u015ft\u0131rma Hastanesinde&nbsp;gerek ayn\u0131 hastanede [&hellip;]<\/p>\n","protected":false},"author":1,"featured_media":0,"parent":0,"menu_order":0,"comment_status":"closed","ping_status":"closed","template":"","meta":{"ngg_post_thumbnail":0,"footnotes":""},"class_list":["post-303","page","type-page","status-publish","hentry"],"aioseo_notices":[],"_links":{"self":[{"href":"https:\/\/www.eternesclinic.com\/tr\/wp-json\/wp\/v2\/pages\/303","targetHints":{"allow":["GET"]}}],"collection":[{"href":"https:\/\/www.eternesclinic.com\/tr\/wp-json\/wp\/v2\/pages"}],"about":[{"href":"https:\/\/www.eternesclinic.com\/tr\/wp-json\/wp\/v2\/types\/page"}],"author":[{"embeddable":true,"href":"https:\/\/www.eternesclinic.com\/tr\/wp-json\/wp\/v2\/users\/1"}],"replies":[{"embeddable":true,"href":"https:\/\/www.eternesclinic.com\/tr\/wp-json\/wp\/v2\/comments?post=303"}],"version-history":[{"count":1,"href":"https:\/\/www.eternesclinic.com\/tr\/wp-json\/wp\/v2\/pages\/303\/revisions"}],"predecessor-version":[{"id":304,"href":"https:\/\/www.eternesclinic.com\/tr\/wp-json\/wp\/v2\/pages\/303\/revisions\/304"}],"wp:attachment":[{"href":"https:\/\/www.eternesclinic.com\/tr\/wp-json\/wp\/v2\/media?parent=303"}],"curies":[{"name":"wp","href":"https:\/\/api.w.org\/{rel}","templated":true}]}}