{"id":307,"date":"2021-10-13T13:08:39","date_gmt":"2021-10-13T10:08:39","guid":{"rendered":"http:\/\/www.eternesclinic.com\/tr\/?page_id=307"},"modified":"2021-10-13T13:08:39","modified_gmt":"2021-10-13T10:08:39","slug":"op-dr-mehmet-dogru","status":"publish","type":"page","link":"https:\/\/www.eternesclinic.com\/tr\/op-dr-mehmet-dogru\/","title":{"rendered":"Op. Dr. Mehmet Do\u011fru"},"content":{"rendered":"<p>Cerrahpa\u015fa T\u0131p Fak\u00fcltesinden Mezun olup T\u0131p Doktoru \u00dcnvan\u0131n\u0131 ald\u0131. Mezun oldu\u011fu y\u0131l ihtisasa ba\u015flayarak Kulak Burun Bo\u011faz Hastal\u0131klar\u0131 Uzmanl\u0131\u011f\u0131 e\u011fitimini tamamlad\u0131. \u0130htisas\u0131 s\u00fcresince Estetik ve fonksiyonel burun ameiyatlar\u0131 ile ilgili bir\u00e7ok kurs ve kongreye kat\u0131ld\u0131. \u0130htisas\u0131n\u0131 tamamlad\u0131ktan sonra Devlet hizmetini \u015e\u0131rnak Devlet hastanesinde yapt\u0131. Devlet hizmeti s\u0131ras\u0131nda 400 \u00fc a\u015fk\u0131n ba\u015far\u0131l\u0131 ameliyat yapt\u0131.<\/p>\n<p>KBB ameliyatlar\u0131n\u0131n \u00e7o\u011funu yapmakla birlikte, Estetik ve Fonksiyonel Burun Cerrahisi ile \u00f6zel olarak ilgilenmektedir. Bu konu ile ilgili bir\u00e7ok kadavra \u00e7al\u0131\u015fmas\u0131nda bulunmu\u015ftur. Dr.Mehmet Do\u011fru\u2019nun ulusal ve uluslararas\u0131 yay\u0131mlanan makaleleri ve s\u00f6zl\u00fc sunum yap\u0131lan posterleri mevcuttur. Kendi bran\u015f\u0131nda son yenilikleri takip etmek amac\u0131yla her y\u0131l ulusal ve uluslararas\u0131 kongre ve sempozyumlara d\u00fczenli bir \u015fekilde kat\u0131lmaktad\u0131r. Evli ve iki \u00e7ocuk babas\u0131d\u0131r.<\/p>\n<p>&nbsp;<\/p>\n","protected":false},"excerpt":{"rendered":"<p>Cerrahpa\u015fa T\u0131p Fak\u00fcltesinden Mezun olup T\u0131p Doktoru \u00dcnvan\u0131n\u0131 ald\u0131. Mezun oldu\u011fu y\u0131l ihtisasa ba\u015flayarak Kulak Burun Bo\u011faz Hastal\u0131klar\u0131 Uzmanl\u0131\u011f\u0131 e\u011fitimini tamamlad\u0131. \u0130htisas\u0131 s\u00fcresince Estetik ve fonksiyonel burun ameiyatlar\u0131 ile ilgili bir\u00e7ok kurs ve kongreye kat\u0131ld\u0131. \u0130htisas\u0131n\u0131 tamamlad\u0131ktan sonra Devlet hizmetini \u015e\u0131rnak Devlet hastanesinde yapt\u0131. Devlet hizmeti s\u0131ras\u0131nda 400 \u00fc a\u015fk\u0131n ba\u015far\u0131l\u0131 ameliyat yapt\u0131. KBB ameliyatlar\u0131n\u0131n [&hellip;]<\/p>\n","protected":false},"author":1,"featured_media":0,"parent":0,"menu_order":0,"comment_status":"closed","ping_status":"closed","template":"","meta":{"ngg_post_thumbnail":0,"footnotes":""},"class_list":["post-307","page","type-page","status-publish","hentry"],"aioseo_notices":[],"_links":{"self":[{"href":"https:\/\/www.eternesclinic.com\/tr\/wp-json\/wp\/v2\/pages\/307","targetHints":{"allow":["GET"]}}],"collection":[{"href":"https:\/\/www.eternesclinic.com\/tr\/wp-json\/wp\/v2\/pages"}],"about":[{"href":"https:\/\/www.eternesclinic.com\/tr\/wp-json\/wp\/v2\/types\/page"}],"author":[{"embeddable":true,"href":"https:\/\/www.eternesclinic.com\/tr\/wp-json\/wp\/v2\/users\/1"}],"replies":[{"embeddable":true,"href":"https:\/\/www.eternesclinic.com\/tr\/wp-json\/wp\/v2\/comments?post=307"}],"version-history":[{"count":1,"href":"https:\/\/www.eternesclinic.com\/tr\/wp-json\/wp\/v2\/pages\/307\/revisions"}],"predecessor-version":[{"id":308,"href":"https:\/\/www.eternesclinic.com\/tr\/wp-json\/wp\/v2\/pages\/307\/revisions\/308"}],"wp:attachment":[{"href":"https:\/\/www.eternesclinic.com\/tr\/wp-json\/wp\/v2\/media?parent=307"}],"curies":[{"name":"wp","href":"https:\/\/api.w.org\/{rel}","templated":true}]}}